{"id":13,"date":"2021-08-25T03:47:08","date_gmt":"2021-08-25T03:47:08","guid":{"rendered":"https:\/\/ha2ksd.hu\/?page_id=13"},"modified":"2023-01-18T16:50:34","modified_gmt":"2023-01-18T16:50:34","slug":"kezdolap","status":"publish","type":"page","link":"https:\/\/ha2ksd.hu\/","title":{"rendered":"Welcome!"},"content":{"rendered":"\n<p>\u00dcdv\u00f6zlet!<\/p>\n\n\n\n<p>Ezen a helyen \u00e9p\u00edtgetj\u00fck a r\u00e1di\u00f3klubunk weblapj\u00e1t.<\/p>\n\n\n\n<p>M\u00e1r n\u00e9mi tartalom \u00e9s fot\u00f3 is felt\u00f6lt\u00e9sre ker\u00fclt.<\/p>\n\n\n\n<p><\/p>\n","protected":false},"excerpt":{"rendered":"<p>\u00dcdv\u00f6zlet! Ezen a helyen \u00e9p\u00edtgetj\u00fck a r\u00e1di\u00f3klubunk weblapj\u00e1t. M\u00e1r n\u00e9mi tartalom \u00e9s fot\u00f3 is felt\u00f6lt\u00e9sre ker\u00fclt.<\/p>\n","protected":false},"author":1,"featured_media":0,"parent":0,"menu_order":0,"comment_status":"closed","ping_status":"closed","template":"","meta":{"footnotes":""},"class_list":["post-13","page","type-page","status-publish","hentry"],"_links":{"self":[{"href":"https:\/\/ha2ksd.hu\/index.php?rest_route=\/wp\/v2\/pages\/13","targetHints":{"allow":["GET"]}}],"collection":[{"href":"https:\/\/ha2ksd.hu\/index.php?rest_route=\/wp\/v2\/pages"}],"about":[{"href":"https:\/\/ha2ksd.hu\/index.php?rest_route=\/wp\/v2\/types\/page"}],"author":[{"embeddable":true,"href":"https:\/\/ha2ksd.hu\/index.php?rest_route=\/wp\/v2\/users\/1"}],"replies":[{"embeddable":true,"href":"https:\/\/ha2ksd.hu\/index.php?rest_route=%2Fwp%2Fv2%2Fcomments&post=13"}],"version-history":[{"count":20,"href":"https:\/\/ha2ksd.hu\/index.php?rest_route=\/wp\/v2\/pages\/13\/revisions"}],"predecessor-version":[{"id":1353,"href":"https:\/\/ha2ksd.hu\/index.php?rest_route=\/wp\/v2\/pages\/13\/revisions\/1353"}],"wp:attachment":[{"href":"https:\/\/ha2ksd.hu\/index.php?rest_route=%2Fwp%2Fv2%2Fmedia&parent=13"}],"curies":[{"name":"wp","href":"https:\/\/api.w.org\/{rel}","templated":true}]}}