{"id":58,"date":"2021-08-25T19:16:03","date_gmt":"2021-08-25T19:16:03","guid":{"rendered":"https:\/\/ha2ksd.hu\/?page_id=58"},"modified":"2022-09-01T17:20:53","modified_gmt":"2022-09-01T17:20:53","slug":"fotoalbum","status":"publish","type":"page","link":"https:\/\/ha2ksd.hu\/?page_id=58","title":{"rendered":"Fot\u00f3album"},"content":{"rendered":"\n<figure class=\"wp-block-image size-full is-resized\"><img loading=\"lazy\" decoding=\"async\" src=\"https:\/\/ha2ksd.hu\/wp-content\/uploads\/2022\/09\/gallery.png\" alt=\"\" class=\"wp-image-1312\" width=\"88\" height=\"88\" srcset=\"https:\/\/ha2ksd.hu\/wp-content\/uploads\/2022\/09\/gallery.png 512w, https:\/\/ha2ksd.hu\/wp-content\/uploads\/2022\/09\/gallery-300x300.png 300w, https:\/\/ha2ksd.hu\/wp-content\/uploads\/2022\/09\/gallery-150x150.png 150w, https:\/\/ha2ksd.hu\/wp-content\/uploads\/2022\/09\/gallery-100x100.png 100w\" sizes=\"auto, (max-width: 88px) 100vw, 88px\" \/><\/figure>\n\n\n<p>A weblapunkon l\u00e9v\u0151 fot\u00f3k t\u00e9mak\u00f6rei<\/p>\n<p>Ezeket el\u00e9red a fels\u0151 &#8216;Fot\u00f3album&#8217; men\u00fcb\u0151l is.<\/p>\n<p>C\u00edmk\u00e9k ABC-sorrendje szerint:<\/p>\n\n<p class=\"wp-block-tag-cloud\"><a href=\"https:\/\/ha2ksd.hu\/?tag=antennak\" class=\"tag-cloud-link tag-link-12 tag-link-position-1\" style=\"font-size: 8pt;\" aria-label=\"Antenn\u00e1k (1 elem)\">Antenn\u00e1k<\/a>\n<a href=\"https:\/\/ha2ksd.hu\/?tag=csaladi-nap\" class=\"tag-cloud-link tag-link-27 tag-link-position-2\" style=\"font-size: 8pt;\" aria-label=\"Csal\u00e1di nap (1 elem)\">Csal\u00e1di nap<\/a>\n<a href=\"https:\/\/ha2ksd.hu\/?tag=ha2r\" class=\"tag-cloud-link tag-link-26 tag-link-position-3\" style=\"font-size: 8pt;\" aria-label=\"HA2R (1 elem)\">HA2R<\/a>\n<a href=\"https:\/\/ha2ksd.hu\/?tag=hajagi-hazepites\" class=\"tag-cloud-link tag-link-13 tag-link-position-4\" style=\"font-size: 8pt;\" aria-label=\"Hajagi h\u00e1z\u00e9p\u00edt\u00e9s (1 elem)\">Hajagi h\u00e1z\u00e9p\u00edt\u00e9s<\/a>\n<a href=\"https:\/\/ha2ksd.hu\/?tag=oktatas\" class=\"tag-cloud-link tag-link-11 tag-link-position-5\" style=\"font-size: 8pt;\" aria-label=\"Oktat\u00e1s (1 elem)\">Oktat\u00e1s<\/a>\n<a href=\"https:\/\/ha2ksd.hu\/?tag=papod-qth\" class=\"tag-cloud-link tag-link-10 tag-link-position-6\" style=\"font-size: 8pt;\" aria-label=\"Papod QTH (1 elem)\">Papod QTH<\/a>\n<a href=\"https:\/\/ha2ksd.hu\/?tag=rokavadaszat\" class=\"tag-cloud-link tag-link-22 tag-link-position-7\" style=\"font-size: 8pt;\" aria-label=\"R\u00f3kavad\u00e1szat (1 elem)\">R\u00f3kavad\u00e1szat<\/a><\/p>\n\n\n<p>A kiv\u00e1lasztott oldalon, a b\u00e9lyegk\u00e9pre klikkelve a diavet\u00edt\u00e9s automatikusan elindul, majd 6 m\u00e1sodpercenk\u00e9nt cser\u00e9l\u0151dnek a k\u00e9pek.<\/p>\n\n\n\n<p>K\u00edv\u00e1nunk j\u00f3 n\u00e9zel\u0151d\u00e9st!<\/p>\n","protected":false},"excerpt":{"rendered":"<p>A weblapunkon l\u00e9v\u0151 fot\u00f3k t\u00e9mak\u00f6rei Ezeket el\u00e9red a fels\u0151 &#8216;Fot\u00f3album&#8217; men\u00fcb\u0151l is. C\u00edmk\u00e9k ABC-sorrendje szerint: A kiv\u00e1lasztott oldalon, a b\u00e9lyegk\u00e9pre klikkelve a diavet\u00edt\u00e9s automatikusan elindul, majd 6 m\u00e1sodpercenk\u00e9nt cser\u00e9l\u0151dnek a k\u00e9pek. K\u00edv\u00e1nunk j\u00f3 n\u00e9zel\u0151d\u00e9st!<\/p>\n","protected":false},"author":1,"featured_media":85,"parent":0,"menu_order":0,"comment_status":"closed","ping_status":"closed","template":"","meta":{"footnotes":""},"class_list":["post-58","page","type-page","status-publish","has-post-thumbnail","hentry"],"_links":{"self":[{"href":"https:\/\/ha2ksd.hu\/index.php?rest_route=\/wp\/v2\/pages\/58","targetHints":{"allow":["GET"]}}],"collection":[{"href":"https:\/\/ha2ksd.hu\/index.php?rest_route=\/wp\/v2\/pages"}],"about":[{"href":"https:\/\/ha2ksd.hu\/index.php?rest_route=\/wp\/v2\/types\/page"}],"author":[{"embeddable":true,"href":"https:\/\/ha2ksd.hu\/index.php?rest_route=\/wp\/v2\/users\/1"}],"replies":[{"embeddable":true,"href":"https:\/\/ha2ksd.hu\/index.php?rest_route=%2Fwp%2Fv2%2Fcomments&post=58"}],"version-history":[{"count":29,"href":"https:\/\/ha2ksd.hu\/index.php?rest_route=\/wp\/v2\/pages\/58\/revisions"}],"predecessor-version":[{"id":1313,"href":"https:\/\/ha2ksd.hu\/index.php?rest_route=\/wp\/v2\/pages\/58\/revisions\/1313"}],"wp:featuredmedia":[{"embeddable":true,"href":"https:\/\/ha2ksd.hu\/index.php?rest_route=\/wp\/v2\/media\/85"}],"wp:attachment":[{"href":"https:\/\/ha2ksd.hu\/index.php?rest_route=%2Fwp%2Fv2%2Fmedia&parent=58"}],"curies":[{"name":"wp","href":"https:\/\/api.w.org\/{rel}","templated":true}]}}