{"id":6,"date":"2021-08-25T03:47:08","date_gmt":"2021-08-25T03:47:08","guid":{"rendered":"https:\/\/ha2ksd.hu\/?page_id=6"},"modified":"2023-12-31T22:05:34","modified_gmt":"2023-12-31T22:05:34","slug":"rolunk","status":"publish","type":"page","link":"https:\/\/ha2ksd.hu\/?page_id=6","title":{"rendered":"Klubtagok &#8211; 2024 &#8211; Bakony R\u00e1di\u00f3 Klub"},"content":{"rendered":"\r\n<figure class=\"wp-block-image size-full is-resized\"><img loading=\"lazy\" decoding=\"async\" class=\"wp-image-1306\" src=\"https:\/\/ha2ksd.hu\/wp-content\/uploads\/2022\/09\/users.png\" alt=\"\" width=\"88\" height=\"88\" srcset=\"https:\/\/ha2ksd.hu\/wp-content\/uploads\/2022\/09\/users.png 512w, https:\/\/ha2ksd.hu\/wp-content\/uploads\/2022\/09\/users-300x300.png 300w, https:\/\/ha2ksd.hu\/wp-content\/uploads\/2022\/09\/users-150x150.png 150w, https:\/\/ha2ksd.hu\/wp-content\/uploads\/2022\/09\/users-100x100.png 100w\" sizes=\"auto, (max-width: 88px) 100vw, 88px\" \/><\/figure>\r\n\r\n\r\n\r\n<figure class=\"wp-block-table is-style-stripes\">\r\n<table class=\"has-fixed-layout\">\r\n<thead>\r\n<tr>\r\n<th>N\u00c9V<\/th>\r\n<th>H\u00cdV\u00d3JEL<\/th>\r\n<\/tr>\r\n<\/thead>\r\n<tbody>\r\n<tr>\r\n<td>Bagoly L\u00e1szl\u00f3<\/td>\r\n<td>HA2AL<\/td>\r\n<\/tr>\r\n<tr>\r\n<td>B\u00e1cskai B\u00e9l\u00e1n\u00e9<\/td>\r\n<td>HG2PY<\/td>\r\n<\/tr>\r\n<tr>\r\n<td>B\u00e1cskai P\u00e9ter<\/td>\r\n<td>HA2PD<\/td>\r\n<\/tr>\r\n<tr>\r\n<td>Birtalan Ferenc<\/td>\r\n<td>HA2TT<\/td>\r\n<\/tr>\r\n<tr>\r\n<td>Demecs Istv\u00e1n<\/td>\r\n<td>HA2PL<\/td>\r\n<\/tr>\r\n<tr>\r\n<td>Falus \u00c1ron<\/td>\r\n<td>HA2HA<\/td>\r\n<\/tr>\r\n<tr>\r\n<td>Hari Siegfried<\/td>\r\n<td>HA2EOW, DK9FN, H40FN<\/td>\r\n<\/tr>\r\n<tr>\r\n<td>Haug Manfred<\/td>\r\n<td>HA2DX<\/td>\r\n<\/tr>\r\n<tr>\r\n<td>Huller Gyula<\/td>\r\n<td>HA2VR<\/td>\r\n<\/tr>\r\n<tr>\r\n<td>L\u00e9n\u00e1rt Imre<\/td>\r\n<td>HG3QLI<\/td>\r\n<\/tr>\r\n<tr>\r\n<td>Nagy Rezs\u0151<\/td>\r\n<td>HG2RB<\/td>\r\n<\/tr>\r\n<tr>\r\n<td>N\u00e1rai Zolt\u00e1n<\/td>\r\n<td>HA2RQ<\/td>\r\n<\/tr>\r\n<tr>\r\n<td>N\u00e9meth Ferenc<\/td>\r\n<td>HA2EOD<\/td>\r\n<\/tr>\r\n<tr>\r\n<td>Oravetz Dezs\u0151<\/td>\r\n<td>HA2SK<\/td>\r\n<\/tr>\r\n<tr>\r\n<td>P\u00e1szti Gy\u00f6rgy<\/td>\r\n<td>HG2EWO<\/td>\r\n<\/tr>\r\n<tr>\r\n<td>Pecs\u00e9ri Istv\u00e1n<\/td>\r\n<td>HA2ETP<\/td>\r\n<\/tr>\r\n<tr>\r\n<td>P\u00e9k Zolt\u00e1n<\/td>\r\n<td>HA2ERO<\/td>\r\n<\/tr>\r\n<tr>\r\n<td>S\u00e1ndor Bal\u00e1zs<\/td>\r\n<td>HA2XS<\/td>\r\n<\/tr>\r\n<tr>\r\n<td>Simon Gerg\u0151<\/td>\r\n<td>\u00a0<\/td>\r\n<\/tr>\r\n<tr>\r\n<td>Simon S\u00e1ndor<\/td>\r\n<td>HG2EWS<\/td>\r\n<\/tr>\r\n<tr>\r\n<td>Szalai J\u00f3zsef<\/td>\r\n<td>HA2NRZ<\/td>\r\n<\/tr>\r\n<tr>\r\n<td>Szalay Imre<\/td>\r\n<td>\u00a0<\/td>\r\n<\/tr>\r\n<tr>\r\n<td>Sz\u00e9kely Tam\u00e1s<\/td>\r\n<td>HA2ESM<\/td>\r\n<\/tr>\r\n<tr>\r\n<td>T\u00f3th Lajos<\/td>\r\n<td>HG2ERD<\/td>\r\n<\/tr>\r\n<tr>\r\n<td>T\u00f6lgyesi Zolt\u00e1n<\/td>\r\n<td>HA2PP<\/td>\r\n<\/tr>\r\n<tr>\r\n<td>Vajda Imre<\/td>\r\n<td>HA2EOA<\/td>\r\n<\/tr>\r\n<tr>\r\n<td>Dr. Vakulya Gergely<\/td>\r\n<td>HA4UC<\/td>\r\n<\/tr>\r\n<tr>\r\n<td>Vass Tibor<\/td>\r\n<td>\u00a0<\/td>\r\n<\/tr>\r\n<tr>\r\n<td>Veres Gy\u00f6rgy<\/td>\r\n<td>HA2EQD<\/td>\r\n<\/tr>\r\n<tr>\r\n<td>Dr. Zach\u00e1r Gergely<\/td>\r\n<td>\u00a0<\/td>\r\n<\/tr>\r\n<\/tbody>\r\n<\/table>\r\n<\/figure>\r\n\r\n\r\n\r\n<div class=\"wp-block-columns is-layout-flex wp-container-core-columns-is-layout-9d6595d7 wp-block-columns-is-layout-flex\">\r\n<div class=\"wp-block-column is-layout-flow wp-block-column-is-layout-flow\" style=\"flex-basis: 100%;\">\r\n<p>&nbsp;<\/p>\r\n<\/div>\r\n<\/div>\r\n","protected":false},"excerpt":{"rendered":"<p>N\u00c9V H\u00cdV\u00d3JEL Bagoly L\u00e1szl\u00f3 HA2AL B\u00e1cskai B\u00e9l\u00e1n\u00e9 HG2PY B\u00e1cskai P\u00e9ter HA2PD Birtalan Ferenc HA2TT Demecs Istv\u00e1n HA2PL Falus \u00c1ron HA2HA Hari Siegfried HA2EOW, DK9FN, H40FN Haug Manfred HA2DX Huller Gyula HA2VR L\u00e9n\u00e1rt Imre HG3QLI Nagy Rezs\u0151 HG2RB N\u00e1rai Zolt\u00e1n HA2RQ N\u00e9meth Ferenc HA2EOD Oravetz Dezs\u0151 HA2SK P\u00e1szti Gy\u00f6rgy HG2EWO Pecs\u00e9ri Istv\u00e1n HA2ETP P\u00e9k Zolt\u00e1n HA2ERO &hellip; <\/p>\n<p class=\"link-more\"><a href=\"https:\/\/ha2ksd.hu\/?page_id=6\" class=\"more-link\"><span class=\"screen-reader-text\">&#8222;Klubtagok &#8211; 2024 &#8211; Bakony R\u00e1di\u00f3 Klub&#8221;<\/span> b\u0151vebben<\/a><\/p>\n","protected":false},"author":1,"featured_media":86,"parent":0,"menu_order":0,"comment_status":"closed","ping_status":"closed","template":"","meta":{"footnotes":""},"class_list":["post-6","page","type-page","status-publish","has-post-thumbnail","hentry"],"_links":{"self":[{"href":"https:\/\/ha2ksd.hu\/index.php?rest_route=\/wp\/v2\/pages\/6","targetHints":{"allow":["GET"]}}],"collection":[{"href":"https:\/\/ha2ksd.hu\/index.php?rest_route=\/wp\/v2\/pages"}],"about":[{"href":"https:\/\/ha2ksd.hu\/index.php?rest_route=\/wp\/v2\/types\/page"}],"author":[{"embeddable":true,"href":"https:\/\/ha2ksd.hu\/index.php?rest_route=\/wp\/v2\/users\/1"}],"replies":[{"embeddable":true,"href":"https:\/\/ha2ksd.hu\/index.php?rest_route=%2Fwp%2Fv2%2Fcomments&post=6"}],"version-history":[{"count":47,"href":"https:\/\/ha2ksd.hu\/index.php?rest_route=\/wp\/v2\/pages\/6\/revisions"}],"predecessor-version":[{"id":1388,"href":"https:\/\/ha2ksd.hu\/index.php?rest_route=\/wp\/v2\/pages\/6\/revisions\/1388"}],"wp:featuredmedia":[{"embeddable":true,"href":"https:\/\/ha2ksd.hu\/index.php?rest_route=\/wp\/v2\/media\/86"}],"wp:attachment":[{"href":"https:\/\/ha2ksd.hu\/index.php?rest_route=%2Fwp%2Fv2%2Fmedia&parent=6"}],"curies":[{"name":"wp","href":"https:\/\/api.w.org\/{rel}","templated":true}]}}