{"id":728,"date":"2021-09-05T06:58:32","date_gmt":"2021-09-05T06:58:32","guid":{"rendered":"https:\/\/ha2ksd.hu\/?page_id=728"},"modified":"2021-09-05T07:19:45","modified_gmt":"2021-09-05T07:19:45","slug":"akikre-emlekezunk","status":"publish","type":"page","link":"https:\/\/ha2ksd.hu\/?page_id=728","title":{"rendered":"Akikre eml\u00e9kez\u00fcnk"},"content":{"rendered":"<p>Dezs\u0151 al\u00e1bbi hozz\u00e1sz\u00f3l\u00e1sa ut\u00e1n ker\u00fclt be ez az oldal<\/p>\n<p><img loading=\"lazy\" decoding=\"async\" class=\"alignnone wp-image-732\" src=\"https:\/\/ha2ksd.hu\/wp-content\/uploads\/2021\/09\/akikre_emlekezunk.jpg\" alt=\"\" width=\"359\" height=\"189\" \/><\/p>\n<p>V\u00e1rja a felt\u00f6lt\u00e9s\u00e9t&#8230;<\/p>\n<p>&nbsp;<\/p>\n","protected":false},"excerpt":{"rendered":"<p>Dezs\u0151 al\u00e1bbi hozz\u00e1sz\u00f3l\u00e1sa ut\u00e1n ker\u00fclt be ez az oldal V\u00e1rja a felt\u00f6lt\u00e9s\u00e9t&#8230; &nbsp;<\/p>\n","protected":false},"author":1,"featured_media":0,"parent":6,"menu_order":0,"comment_status":"closed","ping_status":"closed","template":"","meta":{"footnotes":""},"class_list":["post-728","page","type-page","status-publish","hentry"],"_links":{"self":[{"href":"https:\/\/ha2ksd.hu\/index.php?rest_route=\/wp\/v2\/pages\/728","targetHints":{"allow":["GET"]}}],"collection":[{"href":"https:\/\/ha2ksd.hu\/index.php?rest_route=\/wp\/v2\/pages"}],"about":[{"href":"https:\/\/ha2ksd.hu\/index.php?rest_route=\/wp\/v2\/types\/page"}],"author":[{"embeddable":true,"href":"https:\/\/ha2ksd.hu\/index.php?rest_route=\/wp\/v2\/users\/1"}],"replies":[{"embeddable":true,"href":"https:\/\/ha2ksd.hu\/index.php?rest_route=%2Fwp%2Fv2%2Fcomments&post=728"}],"version-history":[{"count":5,"href":"https:\/\/ha2ksd.hu\/index.php?rest_route=\/wp\/v2\/pages\/728\/revisions"}],"predecessor-version":[{"id":735,"href":"https:\/\/ha2ksd.hu\/index.php?rest_route=\/wp\/v2\/pages\/728\/revisions\/735"}],"up":[{"embeddable":true,"href":"https:\/\/ha2ksd.hu\/index.php?rest_route=\/wp\/v2\/pages\/6"}],"wp:attachment":[{"href":"https:\/\/ha2ksd.hu\/index.php?rest_route=%2Fwp%2Fv2%2Fmedia&parent=728"}],"curies":[{"name":"wp","href":"https:\/\/api.w.org\/{rel}","templated":true}]}}