{"id":741,"date":"2021-09-05T07:29:32","date_gmt":"2021-09-05T07:29:32","guid":{"rendered":"https:\/\/ha2ksd.hu\/?page_id=741"},"modified":"2021-09-25T04:06:41","modified_gmt":"2021-09-25T04:06:41","slug":"ha2rb-gyuri","status":"publish","type":"page","link":"https:\/\/ha2ksd.hu\/?page_id=741","title":{"rendered":"HA2RB Gyuri"},"content":{"rendered":"<p>K\u00e1rp\u00e1ti Gy\u00f6rgy<\/p>\n<p>\u00edgy \u00edrta a nev\u00e9t?<\/p>\n","protected":false},"excerpt":{"rendered":"<p>K\u00e1rp\u00e1ti Gy\u00f6rgy \u00edgy \u00edrta a nev\u00e9t?<\/p>\n","protected":false},"author":1,"featured_media":0,"parent":728,"menu_order":2,"comment_status":"closed","ping_status":"closed","template":"","meta":{"footnotes":""},"class_list":["post-741","page","type-page","status-publish","hentry"],"_links":{"self":[{"href":"https:\/\/ha2ksd.hu\/index.php?rest_route=\/wp\/v2\/pages\/741","targetHints":{"allow":["GET"]}}],"collection":[{"href":"https:\/\/ha2ksd.hu\/index.php?rest_route=\/wp\/v2\/pages"}],"about":[{"href":"https:\/\/ha2ksd.hu\/index.php?rest_route=\/wp\/v2\/types\/page"}],"author":[{"embeddable":true,"href":"https:\/\/ha2ksd.hu\/index.php?rest_route=\/wp\/v2\/users\/1"}],"replies":[{"embeddable":true,"href":"https:\/\/ha2ksd.hu\/index.php?rest_route=%2Fwp%2Fv2%2Fcomments&post=741"}],"version-history":[{"count":3,"href":"https:\/\/ha2ksd.hu\/index.php?rest_route=\/wp\/v2\/pages\/741\/revisions"}],"predecessor-version":[{"id":1190,"href":"https:\/\/ha2ksd.hu\/index.php?rest_route=\/wp\/v2\/pages\/741\/revisions\/1190"}],"up":[{"embeddable":true,"href":"https:\/\/ha2ksd.hu\/index.php?rest_route=\/wp\/v2\/pages\/728"}],"wp:attachment":[{"href":"https:\/\/ha2ksd.hu\/index.php?rest_route=%2Fwp%2Fv2%2Fmedia&parent=741"}],"curies":[{"name":"wp","href":"https:\/\/api.w.org\/{rel}","templated":true}]}}